{"id":1010,"date":"2022-03-02T19:22:14","date_gmt":"2022-03-02T19:22:14","guid":{"rendered":"https:\/\/lusonrie.com\/?page_id=9"},"modified":"2024-07-18T19:26:47","modified_gmt":"2024-07-18T23:26:47","slug":"home","status":"publish","type":"page","link":"https:\/\/kapturstudio.com\/es\/","title":{"rendered":"Inicio"},"content":{"rendered":"<p>Kaptur Studio<\/p>\n\t\t\t\t<img loading=\"lazy\" decoding=\"async\" src=\"https:\/\/kapturstudio.com\/wp-content\/uploads\/2023\/07\/CAMARAS-DE-FOTOS-Y-VIDEO.png\" alt=\"CAMARAS DE FOTOS Y VIDEO\" itemprop=\"image\" height=\"459\" width=\"800\" title=\"CAMARAS DE FOTOS Y VIDEO\" onerror=\"this.style.display='none'\"  \/>\n<h3>\n\t\tCapturamos momentos que venden y cuentan una historia\n\t<\/h3>\n<h1>\n\t\tFOT\u00d3GRAFOS Y VIDEOGRAFOS PROFESIONALES\n\t<\/h1>\n\t\t\t\t<img loading=\"lazy\" decoding=\"async\" src=\"https:\/\/kapturstudio.com\/wp-content\/uploads\/2023\/07\/LENTE-DE-CAMARAS.png\" alt=\"LENTE DE CAMARAS\" itemprop=\"image\" height=\"2215\" width=\"1940\" title=\"LENTE DE CAMARAS\" onerror=\"this.style.display='none'\"  \/>\n<h2>\n\t\tConoce nuestros servicios\n\t<\/h2>\n\t<p>Explora nuestros servicios de fotograf\u00eda y descubre c\u00f3mo podemos capturar la esencia<br \/>de tus momentos con creatividad y precisi\u00f3n.<\/p>\n<h3>\n\t\t<a href=\"https:\/\/kapturstudio.com\/es\/gallery\/#properties\" title=\"Propiedades\" target=\"_self\" rel=\"noopener\">\n\t\tPropiedades\n\t\t<\/a>\n\t<\/h3>\n\t<p>Ver completo<\/p>\n<h3>\n\t\t<a href=\"https:\/\/kapturstudio.com\/es\/gallery\/#products\" title=\"Productos\" target=\"_self\" rel=\"noopener\">\n\t\tProductos\n\t\t<\/a>\n\t<\/h3>\n\t<p>Ver completo<\/p>\n<h3>\n\t\t<a href=\"https:\/\/kapturstudio.com\/es\/gallery\/#portraits\" title=\"Retratos\" target=\"_self\" rel=\"noopener\">\n\t\tRetratos\n\t\t<\/a>\n\t<\/h3>\n\t<p>Ver completo<\/p>\n<h3>\n\t\t<a href=\"https:\/\/kapturstudio.com\/es\/gallery\/#events\" title=\"Eventos\" target=\"_self\" rel=\"noopener\">\n\t\tEventos\n\t\t<\/a>\n\t<\/h3>\n\t<p>Ver completo<\/p>\n<h3>\n\t\t<a href=\"https:\/\/kapturstudio.com\/es\/gallery\/#couples\" title=\"Parejas\" target=\"_self\" rel=\"noopener\">\n\t\tParejas\n\t\t<\/a>\n\t<\/h3>\n\t<p>Ver completo<\/p>\n<h3>\n\t\t<a href=\"https:\/\/kapturstudio.com\/es\/gallery\/#business\" title=\"Negocios\" target=\"_self\" rel=\"noopener\">\n\t\tNegocios\n\t\t<\/a>\n\t<\/h3>\n\t<p>Ver completo<\/p>\n<h3>\n\t\t<a href=\"https:\/\/kapturstudio.com\/es\/gallery\/#weddings\" title=\"Bodas\" target=\"_self\" rel=\"noopener\">\n\t\tBodas\n\t\t<\/a>\n\t<\/h3>\n\t<p>Ver completo<\/p>\n<h2>\n\t\tSomos Kaptur Studio\n\t<\/h2>\n\t<p>Con m\u00e1s de 15 a\u00f1os de experiencia y un compromiso inquebrantable con la profesionalidad, sobresalimos en narrar historias cautivadoras impregnadas de una esencia natural.<\/p>\n\t<p>Con m\u00e1s de 15 a\u00f1os de experiencia, nuestra experiencia y compromiso inquebrantable<br \/>nuestro profesionalismo nos permite contar historias cautivadoras impregnadas de una esencia natural.<\/p>\n\t\t\t<a href=\"#\" role=\"button\">\n\t\t\t\t\t\t\tVer m\u00e1s\n\t\t\t\t\t<\/a>\n\t\tEn nuestro n\u00facleo, valoramos profundamente la esencia genuina de las personas y los objetos, aprovechando su magia inherente. Nuestra misi\u00f3n es comunicar art\u00edsticamente y narrar historias cautivadoras a trav\u00e9s del medio de la imagen, capturando emociones genuinas y sentimientos sinceros. Nuestro equipo se enorgullece de mantener los m\u00e1s altos est\u00e1ndares de puntualidad, organizaci\u00f3n y profesionalismo.<br \/><br \/>With years of experience and a focus on specialization, we excel at capturing truly unforgettable moments. By blending our technical expertise with unwavering guidance, we are dedicated to assisting you in preserving life&#8217;s most cherished moments for a lifetime.\t\n<h2>\n\t\tLo que nuestros clientes dicen\n\t<\/h2>\n\t<p>Escucha testimonios de primera mano de clientes que han experimentado nuestros excepcionales servicios.<\/p>\n\t\t\t\t\t\t\t<img decoding=\"async\" src=\"https:\/\/kapturstudio.com\/wp-content\/uploads\/2023\/07\/David-Testimonial.png\" alt=\"David-Testimonial\" \/>\n\t\t\t\t\t\t\t\t\t\t\t\t\t\t\t\t\t\t\t<p>Excelentes profesionales, cumplieron el servicio a la perfecci\u00f3n. Altamente recomendados.<\/p>\n\t\t\t\t\t\t\t\t\t\t\t\t\t\t\t\t\t<h3>David<\/h3>\n\t\t\t\t\t\t\t\t\t\t\t\t\t\t\t\t\t\t\t\t\t\t\t\t\t<h4>Recomendados<\/h4>\n\t\t\t\t\t\t\t<img decoding=\"async\" src=\"https:\/\/kapturstudio.com\/wp-content\/uploads\/2023\/06\/Couple-1.png\" alt=\"Couple 1\" \/>\n\t\t\t\t\t\t\t\t\t\t\t\t\t\t\t\t\t\t\t<p>Muy profesionales. La actitud es maravillosa. Muy buena energ\u00eda. Y la calidad de las fotos y los videos es excelente.<\/p>\n\t\t\t\t\t\t\t\t\t\t\t\t\t\t\t\t\t<h3>Mar\u00eda<\/h3>\n\t\t\t\t\t\t\t\t\t\t\t\t\t\t\t\t\t\t\t\t\t\t\t\t\t<h4>Excelente servicio<\/h4>\n\t\t\t\t\t\t\t<img decoding=\"async\" src=\"https:\/\/kapturstudio.com\/wp-content\/uploads\/2023\/06\/Couple-2.png\" alt=\"Couple 2\" \/>\n\t\t\t\t\t\t\t\t\t\t\t\t\t\t\t\t\t\t\t<p>El trabajo de Andr\u00e9s y su equipo fue maravilloso. Fue un trabajo profesional e impecable. Los recomiendo altamente, 10,000%.<\/p>\n\t\t\t\t\t\t\t\t\t\t\t\t\t\t\t\t\t<h3>Laura<\/h3>\n\t\t\t\t\t\t\t\t\t\t\t\t\t\t\t\t\t\t\t\t\t\t\t\t\t<h4>Espectacular<\/h4>\n\t\t\t\t\t\t\t<img decoding=\"async\" src=\"https:\/\/kapturstudio.com\/wp-content\/uploads\/2023\/07\/Bella-Portraits.png\" alt=\"Bella-Portraits\" \/>\n\t\t\t\t\t\t\t\t\t\t\t\t\t\t\t\t\t\t\t<p>Me encant\u00f3 la sesi\u00f3n con ellos. Fue una experiencia agradable, me sent\u00ed c\u00f3modo\/a. Andr\u00e9s fue muy profesional y amigable. Excelente servicio.<\/p>\n\t\t\t\t\t\t\t\t\t\t\t\t\t\t\t\t\t<h3>Bella<\/h3>\n\t\t\t\t\t\t\t\t\t\t\t\t\t\t\t\t\t\t\t\t\t\t\t\t\t<h4>Son geniales<\/h4>\n\t\t\t\t<!-- \/.pp-testimonials -->\n\t\t\t\t<img decoding=\"async\" src=\"https:\/\/kapturstudio.com\/wp-content\/uploads\/bb-plugin\/cache\/Couple-2-square.png\" alt=\"Couple 2\" title=\"Couple 2\" itemprop=\"image\"\/>\n\t\t\t\t\t\t\t\t<h3 class='uabb-testimonial-author-name testimonial-author-name'>David<\/h3>\t\t\t\t\t\t\t\t\n\t\t\t\t\t\t\t\t\tRecomendados\t\t\t\t\t\t\t\t\n\t\t\t\t\t\t\t<p>Excelentes profesionales, cumplieron el servicio a la perfecci\u00f3n. Altamente recomendados.<\/p>\t\t\t\t\t\t\n\t\t\t\t<img decoding=\"async\" src=\"https:\/\/kapturstudio.com\/wp-content\/uploads\/bb-plugin\/cache\/Couple-2-square.png\" alt=\"Couple 2\" title=\"Couple 2\" itemprop=\"image\"\/>\n\t\t\t\t\t\t\t\t<h3 class='uabb-testimonial-author-name testimonial-author-name'>Laura<\/h3>\t\t\t\t\t\t\t\t\n\t\t\t\t\t\t\t\t\tEspectacular\t\t\t\t\t\t\t\t\n\t\t\t\t\t\t\t<p>El trabajo de Andr\u00e9s y su equipo fue maravilloso. Fue un trabajo profesional e impecable. Los recomiendo altamente, 10,000%.<\/p>\t\t\t\t\t\t\n\t\t\t\t<img decoding=\"async\" src=\"https:\/\/kapturstudio.com\/wp-content\/uploads\/bb-plugin\/cache\/Couple-2-square.png\" alt=\"Couple 2\" title=\"Couple 2\" itemprop=\"image\"\/>\n\t\t\t\t\t\t\t\t<h3 class='uabb-testimonial-author-name testimonial-author-name'>Bella<\/h3>\t\t\t\t\t\t\t\t\n\t\t\t\t\t\t\t\t\tSon geniales\t\t\t\t\t\t\t\t\n\t\t\t\t\t\t\t<p>Me encant\u00f3 la sesi\u00f3n con ellos. Fue una experiencia agradable, me sent\u00ed c\u00f3moda. Andr\u00e9s fue muy profesional y amigable. Excelente servicio.<\/p>\t\t\t\t\t\t\n\t\t\t\t<img decoding=\"async\" src=\"https:\/\/kapturstudio.com\/wp-content\/uploads\/bb-plugin\/cache\/Mask-group-square.png\" alt=\"Mask group\" title=\"Mask group\" itemprop=\"image\"\/>\n\t\t\t\t\t\t\t\t<h3 class='uabb-testimonial-author-name testimonial-author-name'>Mar\u00eda<\/h3>\t\t\t\t\t\t\t\t\n\t\t\t\t\t\t\t\t\tExcelente servicio\t\t\t\t\t\t\t\t\n\t\t\t\t\t\t\t<p>Muy profesionales. La actitud es maravillosa. Muy buena energ\u00eda. Y la calidad de las fotos y los videos es excelente.<\/p>\t\t\t\t\t\t\n\t<h2>\n\t\tMira algunas imagenes\n\t<\/h2>\n\tDeleita tus ojos con impresionantes im\u00e1genes visuales mientras exploras<br \/>\nthrough a captivating collection of photos.\n\t\t\t\t<img loading=\"lazy\" decoding=\"async\" src=\"https:\/\/kapturstudio.com\/wp-content\/uploads\/2023\/06\/LOGO-KAPTUR-STUDIO-01-1.png\" alt=\"LOGO KAPTUR STUDIO-01 1\" itemprop=\"image\" height=\"513\" width=\"558\" title=\"LOGO KAPTUR STUDIO-01 1\" onerror=\"this.style.display='none'\"  \/>\n\t<p>Un servicio integral, profesional y hol\u00edstico para transformar las vidas de individuos y empresas.<\/p>\n\t\t\t<a href=\"https:\/\/www.instagram\/kaptur.studio\" target=\"_blank\" role=\"button\" rel=\"noopener nofollow\">\n\t\t\t\t\t\t\t<\/a>\n\t\t\t<a href=\"https:\/\/api.whatsapp.com\/send?phone=573112925495\" target=\"_blank\" role=\"button\" rel=\"noopener nofollow\">\n\t\t\t\t\t\t\t<\/a>\n\t\t\t<a href=\"https:\/\/www.facebook.com\/kaptur.studio.us\/\" target=\"_blank\" role=\"button\" rel=\"noopener nofollow\">\n\t\t\t\t\t\t\t<\/a>\n<h2>\n\t\tLet&#8217;s get in touch\n\t<\/h2>\n\t\t\t<a href=\"https:\/\/kapturstudio.com\/es\/contact-us\/\" target=\"_self\" role=\"button\" rel=\"noopener\">\n\t\t\t\t\t\t\tCONTACTO\n\t\t\t\t\t<\/a>","protected":false},"excerpt":{"rendered":"<p>Kaptur Studio We Capture Moments That Sell and Tell a Story PROFESSIONAL PHOTOGRAPHERS AND VIDEOGRAPHERS Get to know our services Explore our photography services and discover how we can capture the essenceof your moments with creativity and precision. Properties VIEW COMPLETE Products VIEW COMPLETE Portraits VIEW COMPLETE Events VIEW COMPLETE Couples VIEW COMPLETE Business VIEW [&hellip;]<\/p>","protected":false},"author":1,"featured_media":0,"parent":0,"menu_order":0,"comment_status":"closed","ping_status":"closed","template":"","meta":{"site-sidebar-layout":"no-sidebar","site-content-layout":"page-builder","ast-site-content-layout":"default","site-content-style":"default","site-sidebar-style":"default","ast-global-header-display":"","ast-banner-title-visibility":"","ast-main-header-display":"","ast-hfb-above-header-display":"","ast-hfb-below-header-display":"","ast-hfb-mobile-header-display":"","site-post-title":"disabled","ast-breadcrumbs-content":"disabled","ast-featured-img":"disabled","footer-sml-layout":"","ast-disable-related-posts":"","theme-transparent-header-meta":"disabled","adv-header-id-meta":"","stick-header-meta":"","header-above-stick-meta":"","header-main-stick-meta":"","header-below-stick-meta":"","astra-migrate-meta-layouts":"default","ast-page-background-enabled":"default","ast-page-background-meta":{"desktop":{"background-color":"var(--ast-global-color-4)","background-image":"","background-repeat":"repeat","background-position":"center center","background-size":"auto","background-attachment":"scroll","background-type":"","background-media":"","overlay-type":"","overlay-color":"","overlay-opacity":"","overlay-gradient":""},"tablet":{"background-color":"","background-image":"","background-repeat":"repeat","background-position":"center center","background-size":"auto","background-attachment":"scroll","background-type":"","background-media":"","overlay-type":"","overlay-color":"","overlay-opacity":"","overlay-gradient":""},"mobile":{"background-color":"","background-image":"","background-repeat":"repeat","background-position":"center center","background-size":"auto","background-attachment":"scroll","background-type":"","background-media":"","overlay-type":"","overlay-color":"","overlay-opacity":"","overlay-gradient":""}},"ast-content-background-meta":{"desktop":{"background-color":"var(--ast-global-color-5)","background-image":"","background-repeat":"repeat","background-position":"center center","background-size":"auto","background-attachment":"scroll","background-type":"","background-media":"","overlay-type":"","overlay-color":"","overlay-opacity":"","overlay-gradient":""},"tablet":{"background-color":"var(--ast-global-color-5)","background-image":"","background-repeat":"repeat","background-position":"center center","background-size":"auto","background-attachment":"scroll","background-type":"","background-media":"","overlay-type":"","overlay-color":"","overlay-opacity":"","overlay-gradient":""},"mobile":{"background-color":"var(--ast-global-color-5)","background-image":"","background-repeat":"repeat","background-position":"center center","background-size":"auto","background-attachment":"scroll","background-type":"","background-media":"","overlay-type":"","overlay-color":"","overlay-opacity":"","overlay-gradient":""}},"_joinchat":[],"footnotes":""},"class_list":["post-1010","page","type-page","status-publish","hentry"],"_links":{"self":[{"href":"https:\/\/kapturstudio.com\/es\/wp-json\/wp\/v2\/pages\/1010","targetHints":{"allow":["GET"]}}],"collection":[{"href":"https:\/\/kapturstudio.com\/es\/wp-json\/wp\/v2\/pages"}],"about":[{"href":"https:\/\/kapturstudio.com\/es\/wp-json\/wp\/v2\/types\/page"}],"author":[{"embeddable":true,"href":"https:\/\/kapturstudio.com\/es\/wp-json\/wp\/v2\/users\/1"}],"replies":[{"embeddable":true,"href":"https:\/\/kapturstudio.com\/es\/wp-json\/wp\/v2\/comments?post=1010"}],"version-history":[{"count":80,"href":"https:\/\/kapturstudio.com\/es\/wp-json\/wp\/v2\/pages\/1010\/revisions"}],"predecessor-version":[{"id":2015,"href":"https:\/\/kapturstudio.com\/es\/wp-json\/wp\/v2\/pages\/1010\/revisions\/2015"}],"wp:attachment":[{"href":"https:\/\/kapturstudio.com\/es\/wp-json\/wp\/v2\/media?parent=1010"}],"curies":[{"name":"wp","href":"https:\/\/api.w.org\/{rel}","templated":true}]}}